{"id":148,"date":"2025-11-06T14:40:08","date_gmt":"2025-11-06T14:40:08","guid":{"rendered":"https:\/\/maimilphotos.fr\/?page_id=148"},"modified":"2026-01-26T21:37:36","modified_gmt":"2026-01-26T21:37:36","slug":"graphisme-2-2","status":"publish","type":"page","link":"https:\/\/maimilphotos.fr\/index.php\/graphisme-2-2\/","title":{"rendered":"Graphisme"},"content":{"rendered":"\n<div class=\"wp-block-cover alignfull\" style=\"padding-top:2%;min-height:528px;aspect-ratio:unset;\"><img loading=\"lazy\" decoding=\"async\" width=\"1024\" height=\"676\" class=\"wp-block-cover__image-background wp-image-24 size-large\" alt=\"\" src=\"http:\/\/maimilphotos.fr\/wp-content\/uploads\/2025\/10\/IMG_7656-1024x676.jpg\" data-object-fit=\"cover\" srcset=\"https:\/\/maimilphotos.fr\/wp-content\/uploads\/2025\/10\/IMG_7656-1024x676.jpg 1024w, https:\/\/maimilphotos.fr\/wp-content\/uploads\/2025\/10\/IMG_7656-300x198.jpg 300w, https:\/\/maimilphotos.fr\/wp-content\/uploads\/2025\/10\/IMG_7656-768x507.jpg 768w, https:\/\/maimilphotos.fr\/wp-content\/uploads\/2025\/10\/IMG_7656-1536x1014.jpg 1536w, https:\/\/maimilphotos.fr\/wp-content\/uploads\/2025\/10\/IMG_7656-2048x1352.jpg 2048w\" sizes=\"auto, (max-width: 1024px) 100vw, 1024px\" \/><span aria-hidden=\"true\" class=\"wp-block-cover__background has-background-dim-0 has-background-dim\" style=\"background-color:#684d3b\"><\/span><div class=\"wp-block-cover__inner-container has-global-padding is-layout-constrained wp-container-core-cover-is-layout-ee51f2d2 wp-block-cover-is-layout-constrained\">\n<p class=\"has-text-align-center has-custom-color-1-color has-text-color has-background has-link-color has-medium-font-size wp-elements-f32889dcafee8dd3e49e855937e678c4\" style=\"background-color:#00000057\"><strong><mark style=\"background-color:rgba(0, 0, 0, 0)\" class=\"has-inline-color has-custom-color-1-color\">En parall\u00e8le de la photographie, je con\u00e7ois des cr\u00e9ations graphiques uniques et sur mesure.<br>Logos, affiches, identit\u00e9s visuelles ou supports de communication \u2014 chaque projet est pens\u00e9 pour refl\u00e9ter votre personnalit\u00e9 et vos valeurs.<\/mark><\/strong><\/p>\n<\/div><\/div>\n\n\n\n<div class=\"wp-block-group alignfull has-global-padding is-layout-constrained wp-container-core-group-is-layout-1257c590 wp-block-group-is-layout-constrained\" style=\"margin-top:0;margin-bottom:0;padding-top:5.51rem;padding-right:1rem;padding-bottom:3rem;padding-left:1rem\">\n<h2 class=\"wp-block-heading alignwide has-text-align-center has-custom-color-1-background-color has-background\">Mes services Graphisme<\/h2>\n\n\n\n<div class=\"wp-block-group alignwide has-global-padding is-layout-constrained wp-container-core-group-is-layout-1cf432e6 wp-block-group-is-layout-constrained\" style=\"margin-top:1.01rem\">\n<div class=\"wp-block-columns alignwide is-layout-flex wp-container-core-columns-is-layout-85231905 wp-block-columns-is-layout-flex\">\n<div class=\"wp-block-column has-global-padding is-content-justification-center is-layout-constrained wp-container-core-column-is-layout-412b4476 wp-block-column-is-layout-constrained\" style=\"padding-bottom:2rem\">\n<div class=\"wp-block-group has-global-padding is-layout-constrained wp-container-core-group-is-layout-668d2085 wp-block-group-is-layout-constrained\">\n<figure class=\"wp-block-image aligncenter size-full is-resized\"><a href=\"https:\/\/maimilphotos.fr\/index.php\/contact-2\/\"><img loading=\"lazy\" decoding=\"async\" width=\"750\" height=\"750\" src=\"http:\/\/maimilphotos.fr\/wp-content\/uploads\/2025\/11\/7-1.png\" alt=\"\" class=\"wp-image-305\" style=\"width:204px;height:auto\" srcset=\"https:\/\/maimilphotos.fr\/wp-content\/uploads\/2025\/11\/7-1.png 750w, https:\/\/maimilphotos.fr\/wp-content\/uploads\/2025\/11\/7-1-300x300.png 300w, https:\/\/maimilphotos.fr\/wp-content\/uploads\/2025\/11\/7-1-150x150.png 150w\" sizes=\"auto, (max-width: 750px) 100vw, 750px\" \/><\/a><\/figure>\n<\/div>\n<\/div>\n\n\n\n<div class=\"wp-block-column has-global-padding is-layout-constrained wp-container-core-column-is-layout-a3af4fe5 wp-block-column-is-layout-constrained\" style=\"padding-bottom:2rem\">\n<div class=\"wp-block-group has-global-padding is-layout-constrained wp-container-core-group-is-layout-668d2085 wp-block-group-is-layout-constrained\">\n<figure class=\"wp-block-image aligncenter size-full is-resized\"><img loading=\"lazy\" decoding=\"async\" width=\"750\" height=\"750\" src=\"https:\/\/maimilphotos.fr\/wp-content\/uploads\/2025\/12\/Illustration-siteportfolio.png\" alt=\"\" class=\"wp-image-678\" style=\"width:204px;height:auto\" srcset=\"https:\/\/maimilphotos.fr\/wp-content\/uploads\/2025\/12\/Illustration-siteportfolio.png 750w, https:\/\/maimilphotos.fr\/wp-content\/uploads\/2025\/12\/Illustration-siteportfolio-300x300.png 300w, https:\/\/maimilphotos.fr\/wp-content\/uploads\/2025\/12\/Illustration-siteportfolio-150x150.png 150w\" sizes=\"auto, (max-width: 750px) 100vw, 750px\" \/><\/figure>\n<\/div>\n<\/div>\n\n\n\n<div class=\"wp-block-column has-global-padding is-content-justification-center is-layout-constrained wp-container-core-column-is-layout-412b4476 wp-block-column-is-layout-constrained\" style=\"padding-bottom:2rem\">\n<div class=\"wp-block-group has-global-padding is-layout-constrained wp-container-core-group-is-layout-668d2085 wp-block-group-is-layout-constrained\">\n<figure class=\"wp-block-image aligncenter size-full is-resized\"><a href=\"https:\/\/maimilphotos.fr\/index.php\/contact-2\/\"><img loading=\"lazy\" decoding=\"async\" width=\"750\" height=\"750\" src=\"http:\/\/maimilphotos.fr\/wp-content\/uploads\/2025\/11\/9-1.png\" alt=\"\" class=\"wp-image-308\" style=\"width:210px;height:auto\" srcset=\"https:\/\/maimilphotos.fr\/wp-content\/uploads\/2025\/11\/9-1.png 750w, https:\/\/maimilphotos.fr\/wp-content\/uploads\/2025\/11\/9-1-300x300.png 300w, https:\/\/maimilphotos.fr\/wp-content\/uploads\/2025\/11\/9-1-150x150.png 150w\" sizes=\"auto, (max-width: 750px) 100vw, 750px\" \/><\/a><\/figure>\n<\/div>\n<\/div>\n<\/div>\n<\/div>\n\n\n\n<div class=\"wp-block-group alignwide has-global-padding is-layout-constrained wp-block-group-is-layout-constrained\" style=\"padding-bottom:1rem\">\n<p class=\"has-text-align-center\" style=\"font-size:clamp(14px, 0.875rem + ((1vw - 3.2px) * 0.341), 17px);\"><strong>Derri\u00e8re chaque cr\u00e9ation graphique, il y a une envie : celle de donner vie \u00e0 vos id\u00e9es avec douceur et authenticit\u00e9.<\/strong><\/p>\n<\/div>\n\n\n\n<hr class=\"wp-block-separator has-alpha-channel-opacity is-style-wide\"\/>\n<\/div>\n\n\n\n<div class=\"wp-block-group alignfull has-global-padding is-layout-constrained wp-container-core-group-is-layout-1257c590 wp-block-group-is-layout-constrained\" style=\"margin-top:0;margin-bottom:0;padding-top:5.51rem;padding-right:1rem;padding-bottom:3rem;padding-left:1rem\">\n<div class=\"wp-block-group alignwide has-global-padding is-layout-constrained wp-block-group-is-layout-constrained\" style=\"padding-bottom:1rem\">\n<p class=\"has-text-align-center\">Mes prestations graphiques s\u2019\u00e9tendent d\u00e9sormais \u00e0 la cr\u00e9ation d\u2019objets personnalis\u00e9s<\/p>\n<\/div>\n\n\n\n<div class=\"wp-block-group alignwide has-global-padding is-layout-constrained wp-container-core-group-is-layout-1cf432e6 wp-block-group-is-layout-constrained\" style=\"margin-top:1.01rem\">\n<div class=\"wp-block-columns alignwide is-layout-flex wp-container-core-columns-is-layout-85231905 wp-block-columns-is-layout-flex\">\n<div class=\"wp-block-column has-global-padding is-content-justification-center is-layout-constrained wp-container-core-column-is-layout-412b4476 wp-block-column-is-layout-constrained\" style=\"padding-bottom:2rem\">\n<div class=\"wp-block-group has-global-padding is-layout-constrained wp-container-core-group-is-layout-668d2085 wp-block-group-is-layout-constrained\">\n<figure class=\"wp-block-image aligncenter size-full is-resized\"><a href=\"https:\/\/maimilphotos.fr\/index.php\/contact-2\/\"><img loading=\"lazy\" decoding=\"async\" width=\"750\" height=\"750\" src=\"http:\/\/maimilphotos.fr\/wp-content\/uploads\/2025\/11\/8-1.png\" alt=\"\" class=\"wp-image-307\" style=\"width:248px;height:auto\" srcset=\"https:\/\/maimilphotos.fr\/wp-content\/uploads\/2025\/11\/8-1.png 750w, https:\/\/maimilphotos.fr\/wp-content\/uploads\/2025\/11\/8-1-300x300.png 300w, https:\/\/maimilphotos.fr\/wp-content\/uploads\/2025\/11\/8-1-150x150.png 150w\" sizes=\"auto, (max-width: 750px) 100vw, 750px\" \/><\/a><\/figure>\n<\/div>\n<\/div>\n\n\n\n<div class=\"wp-block-column has-global-padding is-layout-constrained wp-container-core-column-is-layout-a3af4fe5 wp-block-column-is-layout-constrained\" style=\"padding-bottom:2rem\">\n<div class=\"wp-block-group has-global-padding is-layout-constrained wp-container-core-group-is-layout-668d2085 wp-block-group-is-layout-constrained\">\n<figure class=\"wp-block-image aligncenter size-full is-resized\"><a href=\"https:\/\/maimilphotos.fr\/index.php\/contact-2\/\"><img loading=\"lazy\" decoding=\"async\" width=\"750\" height=\"750\" src=\"http:\/\/maimilphotos.fr\/wp-content\/uploads\/2025\/11\/11-1.png\" alt=\"\" class=\"wp-image-310\" style=\"width:230px;height:auto\" srcset=\"https:\/\/maimilphotos.fr\/wp-content\/uploads\/2025\/11\/11-1.png 750w, https:\/\/maimilphotos.fr\/wp-content\/uploads\/2025\/11\/11-1-300x300.png 300w, https:\/\/maimilphotos.fr\/wp-content\/uploads\/2025\/11\/11-1-150x150.png 150w\" sizes=\"auto, (max-width: 750px) 100vw, 750px\" \/><\/a><\/figure>\n<\/div>\n<\/div>\n<\/div>\n<\/div>\n<\/div>\n\n\n\n<div class=\"wp-block-cover alignfull\" style=\"padding-top:2%;min-height:750px;aspect-ratio:unset;\"><img loading=\"lazy\" decoding=\"async\" width=\"2560\" height=\"1746\" class=\"wp-block-cover__image-background wp-image-387 size-full\" alt=\"\" src=\"http:\/\/maimilphotos.fr\/wp-content\/uploads\/2025\/11\/IMG_5693-scaled.jpg\" style=\"object-position:34% 25%\" data-object-fit=\"cover\" data-object-position=\"34% 25%\" srcset=\"https:\/\/maimilphotos.fr\/wp-content\/uploads\/2025\/11\/IMG_5693-scaled.jpg 2560w, https:\/\/maimilphotos.fr\/wp-content\/uploads\/2025\/11\/IMG_5693-300x205.jpg 300w, https:\/\/maimilphotos.fr\/wp-content\/uploads\/2025\/11\/IMG_5693-1024x699.jpg 1024w, https:\/\/maimilphotos.fr\/wp-content\/uploads\/2025\/11\/IMG_5693-768x524.jpg 768w, https:\/\/maimilphotos.fr\/wp-content\/uploads\/2025\/11\/IMG_5693-1536x1048.jpg 1536w, https:\/\/maimilphotos.fr\/wp-content\/uploads\/2025\/11\/IMG_5693-2048x1397.jpg 2048w\" sizes=\"auto, (max-width: 2560px) 100vw, 2560px\" \/><span aria-hidden=\"true\" class=\"wp-block-cover__background has-background-dim-0 has-background-dim\" style=\"background-color:#817a5c\"><\/span><div class=\"wp-block-cover__inner-container has-global-padding is-layout-constrained wp-container-core-cover-is-layout-ee51f2d2 wp-block-cover-is-layout-constrained\">\n<p class=\"has-text-align-center has-background has-large-font-size\" style=\"background-color:#00000082\">Design Papeterie<\/p>\n<\/div><\/div>\n\n\n\n<div class=\"wp-block-group alignfull has-global-padding is-layout-constrained wp-container-core-group-is-layout-1257c590 wp-block-group-is-layout-constrained\" style=\"margin-top:0;margin-bottom:0;padding-top:5.51rem;padding-right:1rem;padding-bottom:3rem;padding-left:1rem\">\n<h2 class=\"wp-block-heading has-text-align-center has-custom-color-1-background-color has-background\">Mes services Papeterie<\/h2>\n\n\n\n<div class=\"wp-block-group alignwide has-global-padding is-layout-constrained wp-container-core-group-is-layout-1cf432e6 wp-block-group-is-layout-constrained\" style=\"margin-top:1.01rem\">\n<div class=\"wp-block-columns alignwide is-layout-flex wp-container-core-columns-is-layout-85231905 wp-block-columns-is-layout-flex\">\n<div class=\"wp-block-column has-global-padding is-content-justification-center is-layout-constrained wp-container-core-column-is-layout-412b4476 wp-block-column-is-layout-constrained\" style=\"padding-bottom:2rem\">\n<div class=\"wp-block-group has-global-padding is-layout-constrained wp-container-core-group-is-layout-668d2085 wp-block-group-is-layout-constrained\">\n<figure class=\"wp-block-image aligncenter size-full is-resized\"><a href=\"https:\/\/maimilphotos.fr\/index.php\/contact-2\/\"><img loading=\"lazy\" decoding=\"async\" width=\"750\" height=\"750\" src=\"http:\/\/maimilphotos.fr\/wp-content\/uploads\/2025\/11\/2-2.png\" alt=\"\" class=\"wp-image-315\" style=\"width:246px;height:auto\" srcset=\"https:\/\/maimilphotos.fr\/wp-content\/uploads\/2025\/11\/2-2.png 750w, https:\/\/maimilphotos.fr\/wp-content\/uploads\/2025\/11\/2-2-300x300.png 300w, https:\/\/maimilphotos.fr\/wp-content\/uploads\/2025\/11\/2-2-150x150.png 150w\" sizes=\"auto, (max-width: 750px) 100vw, 750px\" \/><\/a><\/figure>\n<\/div>\n<\/div>\n\n\n\n<div class=\"wp-block-column has-global-padding is-layout-constrained wp-container-core-column-is-layout-a3af4fe5 wp-block-column-is-layout-constrained\" style=\"padding-bottom:2rem\">\n<div class=\"wp-block-group has-global-padding is-layout-constrained wp-container-core-group-is-layout-668d2085 wp-block-group-is-layout-constrained\">\n<figure class=\"wp-block-image aligncenter size-full is-resized\"><img loading=\"lazy\" decoding=\"async\" width=\"750\" height=\"750\" src=\"https:\/\/maimilphotos.fr\/wp-content\/uploads\/2025\/12\/4.png\" alt=\"\" class=\"wp-image-679\" style=\"width:245px;height:auto\" srcset=\"https:\/\/maimilphotos.fr\/wp-content\/uploads\/2025\/12\/4.png 750w, https:\/\/maimilphotos.fr\/wp-content\/uploads\/2025\/12\/4-300x300.png 300w, https:\/\/maimilphotos.fr\/wp-content\/uploads\/2025\/12\/4-150x150.png 150w\" sizes=\"auto, (max-width: 750px) 100vw, 750px\" \/><\/figure>\n<\/div>\n<\/div>\n<\/div>\n<\/div>\n\n\n\n<div class=\"wp-block-group alignwide has-global-padding is-layout-constrained wp-block-group-is-layout-constrained\" style=\"padding-bottom:1rem\">\n<p class=\"has-text-align-center\">Entre l\u2019image et le design, je cherche toujours l\u2019\u00e9quilibre parfait.<\/p>\n<\/div>\n\n\n\n<hr class=\"wp-block-separator has-alpha-channel-opacity is-style-wide\"\/>\n<\/div>\n\n\n\n<div class=\"wp-block-group alignfull has-global-padding is-layout-constrained wp-container-core-group-is-layout-1257c590 wp-block-group-is-layout-constrained\" style=\"margin-top:0;margin-bottom:0;padding-top:5.51rem;padding-right:1rem;padding-bottom:3rem;padding-left:1rem\">\n<div class=\"wp-block-group alignwide has-global-padding is-layout-constrained wp-block-group-is-layout-constrained\" style=\"padding-bottom:1rem\">\n<p class=\"has-text-align-center\">comme mes autres projets ils sont pens\u00e9s comme de petites \u0153uvres \u00e0 part enti\u00e8re \u2014 des touches de couleur \u00e0 afficher, offrir ou collectionner.<\/p>\n<\/div>\n\n\n\n<div class=\"wp-block-group alignwide has-global-padding is-layout-constrained wp-container-core-group-is-layout-1cf432e6 wp-block-group-is-layout-constrained\" style=\"margin-top:1.01rem\">\n<div class=\"wp-block-columns alignwide is-layout-flex wp-container-core-columns-is-layout-85231905 wp-block-columns-is-layout-flex\">\n<div class=\"wp-block-column has-global-padding is-content-justification-center is-layout-constrained wp-container-core-column-is-layout-412b4476 wp-block-column-is-layout-constrained\" style=\"padding-bottom:2rem\">\n<div class=\"wp-block-group has-global-padding is-layout-constrained wp-container-core-group-is-layout-668d2085 wp-block-group-is-layout-constrained\">\n<figure class=\"wp-block-image aligncenter size-full is-resized\"><img loading=\"lazy\" decoding=\"async\" width=\"750\" height=\"750\" src=\"https:\/\/maimilphotos.fr\/wp-content\/uploads\/2025\/12\/3.png\" alt=\"\" class=\"wp-image-680\" style=\"width:242px;height:auto\" srcset=\"https:\/\/maimilphotos.fr\/wp-content\/uploads\/2025\/12\/3.png 750w, https:\/\/maimilphotos.fr\/wp-content\/uploads\/2025\/12\/3-300x300.png 300w, https:\/\/maimilphotos.fr\/wp-content\/uploads\/2025\/12\/3-150x150.png 150w\" sizes=\"auto, (max-width: 750px) 100vw, 750px\" \/><\/figure>\n<\/div>\n<\/div>\n\n\n\n<div class=\"wp-block-column has-global-padding is-layout-constrained wp-container-core-column-is-layout-a3af4fe5 wp-block-column-is-layout-constrained\" style=\"padding-bottom:2rem\">\n<div class=\"wp-block-group has-global-padding is-layout-constrained wp-container-core-group-is-layout-668d2085 wp-block-group-is-layout-constrained\">\n<figure class=\"wp-block-image aligncenter size-full is-resized\"><img loading=\"lazy\" decoding=\"async\" width=\"750\" height=\"750\" src=\"https:\/\/maimilphotos.fr\/wp-content\/uploads\/2025\/12\/5.png\" alt=\"\" class=\"wp-image-681\" style=\"width:234px;height:auto\" srcset=\"https:\/\/maimilphotos.fr\/wp-content\/uploads\/2025\/12\/5.png 750w, https:\/\/maimilphotos.fr\/wp-content\/uploads\/2025\/12\/5-300x300.png 300w, https:\/\/maimilphotos.fr\/wp-content\/uploads\/2025\/12\/5-150x150.png 150w\" sizes=\"auto, (max-width: 750px) 100vw, 750px\" \/><\/figure>\n<\/div>\n<\/div>\n<\/div>\n<\/div>\n<\/div>\n\n\n\n<section class=\"wp-block-cover alignfull is-light\" style=\"margin-top:0px;padding-bottom:4.6rem;min-height:674px;aspect-ratio:unset;\"><img loading=\"lazy\" decoding=\"async\" width=\"1024\" height=\"659\" class=\"wp-block-cover__image-background wp-image-581 size-large\" alt=\"\" src=\"https:\/\/maimilphotos.fr\/wp-content\/uploads\/2025\/11\/IMG_8730-1024x659.jpg\" data-object-fit=\"cover\" srcset=\"https:\/\/maimilphotos.fr\/wp-content\/uploads\/2025\/11\/IMG_8730-1024x659.jpg 1024w, https:\/\/maimilphotos.fr\/wp-content\/uploads\/2025\/11\/IMG_8730-300x193.jpg 300w, https:\/\/maimilphotos.fr\/wp-content\/uploads\/2025\/11\/IMG_8730-768x494.jpg 768w, https:\/\/maimilphotos.fr\/wp-content\/uploads\/2025\/11\/IMG_8730-1536x988.jpg 1536w, https:\/\/maimilphotos.fr\/wp-content\/uploads\/2025\/11\/IMG_8730-2048x1318.jpg 2048w\" sizes=\"auto, (max-width: 1024px) 100vw, 1024px\" \/><span aria-hidden=\"true\" class=\"wp-block-cover__background has-background-dim-0 has-background-dim\" style=\"background-color:#b09e87\"><\/span><div class=\"wp-block-cover__inner-container has-global-padding is-layout-constrained wp-container-core-cover-is-layout-9b2f63de wp-block-cover-is-layout-constrained\">\n<figure class=\"wp-block-image alignleft size-large is-resized has-custom-border\"><img loading=\"lazy\" decoding=\"async\" width=\"724\" height=\"1024\" src=\"http:\/\/maimilphotos.fr\/wp-content\/uploads\/2025\/12\/Flyer-photographe-724x1024.png\" alt=\"\" class=\"wp-image-686\" style=\"border-top-left-radius:13px;border-top-right-radius:13px;border-bottom-left-radius:13px;border-bottom-right-radius:13px;width:314px;height:auto\" srcset=\"https:\/\/maimilphotos.fr\/wp-content\/uploads\/2025\/12\/Flyer-photographe-724x1024.png 724w, https:\/\/maimilphotos.fr\/wp-content\/uploads\/2025\/12\/Flyer-photographe-212x300.png 212w, https:\/\/maimilphotos.fr\/wp-content\/uploads\/2025\/12\/Flyer-photographe-768x1086.png 768w, https:\/\/maimilphotos.fr\/wp-content\/uploads\/2025\/12\/Flyer-photographe-1086x1536.png 1086w, https:\/\/maimilphotos.fr\/wp-content\/uploads\/2025\/12\/Flyer-photographe.png 1414w\" sizes=\"auto, (max-width: 724px) 100vw, 724px\" \/><\/figure>\n\n\n\n<div class=\"wp-block-group alignfull has-text-color has-global-padding is-layout-constrained wp-container-core-group-is-layout-6f61d7e7 wp-block-group-is-layout-constrained\" style=\"color:#252525;margin-top:0px;padding-top:0rem;padding-right:1rem;padding-bottom:0rem;padding-left:1rem;font-size:clamp(0.875rem, 0.875rem + ((1vw - 0.2rem) * 0.464), 1.13rem);font-style:normal;font-weight:400;line-height:1.4\">\n<div class=\"wp-block-group alignwide is-vertical is-content-justification-center is-layout-flex wp-container-core-group-is-layout-7082cadc wp-block-group-is-layout-flex\">\n<div class=\"wp-block-group has-global-padding is-layout-constrained wp-container-core-group-is-layout-a099c240 wp-block-group-is-layout-constrained\">\n<h2 class=\"wp-block-heading has-text-align-center has-custom-color-1-color has-text-color has-background has-prata-regular-font-family\" style=\"background-color:#ffffff00;margin-bottom:1.11rem;font-size:clamp(1.556rem, 1.556rem + ((1vw - 0.2rem) * 1.916), 2.61rem);font-style:normal;font-weight:400;line-height:1.2\"><strong><mark style=\"background-color:rgba(0, 0, 0, 0);color:#000000\" class=\"has-inline-color\">Portfolio<\/mark><\/strong><\/h2>\n\n\n\n<p class=\"has-text-align-center has-text-color has-work-sans-regular-font-family\" style=\"color:#03081e;margin-top:0rem;font-size:clamp(0.875rem, 0.875rem + ((1vw - 0.2rem) * 0.227), 1rem);font-style:normal;font-weight:400;line-height:1.6\"><strong><mark style=\"background-color:rgba(0, 0, 0, 0);color:#000000\" class=\"has-inline-color\">Envie de d\u00e9couvrir mon univers ?<br>Jette un \u0153il \u00e0 mon portfolio juste ici&nbsp;<\/mark><\/strong><\/p>\n\n\n\n<div class=\"wp-block-group is-vertical is-content-justification-stretch is-layout-flex wp-container-core-group-is-layout-be82aac6 wp-block-group-is-layout-flex\" style=\"margin-top:0rem;padding-right:0px;padding-left:0px\">\n<div class=\"wp-block-group has-global-padding is-content-justification-center is-layout-constrained wp-container-core-group-is-layout-0638dde4 wp-block-group-is-layout-constrained\" style=\"margin-top:0px\">\n<div class=\"wp-block-buttons is-horizontal is-content-justification-right is-layout-flex wp-container-core-buttons-is-layout-1b0e492f wp-block-buttons-is-layout-flex\" style=\"margin-top:2.21rem\">\n<div class=\"wp-block-button\"><a class=\"wp-block-button__link wp-element-button\" href=\"https:\/\/maimilphotos.myportfolio.com\/home\">Portfolio<\/a><\/div>\n<\/div>\n<\/div>\n<\/div>\n<\/div>\n<\/div>\n<\/div>\n<\/div><\/section>\n","protected":false},"excerpt":{"rendered":"<p>Mes services Graphisme Derri\u00e8re chaque cr\u00e9ation graphique, il y a une envie : celle de donner vie \u00e0 vos id\u00e9es avec douceur et authenticit\u00e9. Mes prestations graphiques s\u2019\u00e9tendent d\u00e9sormais \u00e0 la cr\u00e9ation d\u2019objets personnalis\u00e9s Mes services Papeterie Entre l\u2019image et le design, je cherche toujours l\u2019\u00e9quilibre parfait. comme mes autres projets ils sont pens\u00e9s comme [&hellip;]<\/p>\n","protected":false},"author":1,"featured_media":0,"parent":0,"menu_order":3,"comment_status":"closed","ping_status":"closed","template":"","meta":{"googlesitekit_rrm_CAowvJjDDA:productID":"","footnotes":""},"class_list":["post-148","page","type-page","status-publish","hentry"],"jetpack_sharing_enabled":true,"_links":{"self":[{"href":"https:\/\/maimilphotos.fr\/index.php\/wp-json\/wp\/v2\/pages\/148","targetHints":{"allow":["GET"]}}],"collection":[{"href":"https:\/\/maimilphotos.fr\/index.php\/wp-json\/wp\/v2\/pages"}],"about":[{"href":"https:\/\/maimilphotos.fr\/index.php\/wp-json\/wp\/v2\/types\/page"}],"author":[{"embeddable":true,"href":"https:\/\/maimilphotos.fr\/index.php\/wp-json\/wp\/v2\/users\/1"}],"replies":[{"embeddable":true,"href":"https:\/\/maimilphotos.fr\/index.php\/wp-json\/wp\/v2\/comments?post=148"}],"version-history":[{"count":56,"href":"https:\/\/maimilphotos.fr\/index.php\/wp-json\/wp\/v2\/pages\/148\/revisions"}],"predecessor-version":[{"id":780,"href":"https:\/\/maimilphotos.fr\/index.php\/wp-json\/wp\/v2\/pages\/148\/revisions\/780"}],"wp:attachment":[{"href":"https:\/\/maimilphotos.fr\/index.php\/wp-json\/wp\/v2\/media?parent=148"}],"curies":[{"name":"wp","href":"https:\/\/api.w.org\/{rel}","templated":true}]}}